{"id":1753,"date":"2018-11-16T02:27:59","date_gmt":"2018-11-16T01:27:59","guid":{"rendered":"http:\/\/wordpress.gaestehaus-herrmann.at\/kontakt-anfahrt\/"},"modified":"2022-10-06T08:11:21","modified_gmt":"2022-10-06T06:11:21","slug":"contact-directions","status":"publish","type":"page","link":"https:\/\/www.gaestehaus-herrmann.at\/en\/contact-directions\/","title":{"rendered":"Contact &#038; Directions"},"content":{"rendered":"<div class=\"vce-row-container\"><div class=\"vce-row vce-row--col-gap-30 vce-row-equal-height vce-row-columns--top vce-row-content--middle\" id=\"el-3a09290f\" data-vce-do-apply=\"all el-3a09290f\"><div class=\"vce-row-content\" data-vce-element-content=\"true\"><div class=\"vce-col vce-col--md-50p vce-col--xs-1 vce-col--xs-last vce-col--xs-first vce-col--sm-last vce-col--sm-first vce-col--md-first vce-col--lg-first vce-col--xl-first\" id=\"el-f7f22d44\"><div class=\"vce-col-inner\" data-vce-do-apply=\"border margin background  el-f7f22d44\"><div class=\"vce-col-content\" data-vce-element-content=\"true\" data-vce-do-apply=\"padding el-f7f22d44\"><div class=\"vce-single-image-container vce-single-image--align-left\"><div class=\"vce vce-single-image-wrapper\" id=\"el-d230c84a\" data-vce-do-apply=\"all el-d230c84a\"><figure><a href=\"https:\/\/www.gaestehaus-herrmann.at\/wp-content\/smush-webp\/gaestehaus-herrmann-filzmoos-4.jpg.webp\" data-lightbox=\"lightbox-d230c84a\" class=\"vce-single-image-inner vce-single-image--absolute\" style=\"padding-bottom: 66.6667%; width: 570px;\"><img class=\"vce-single-image\" width=\"570\" height=\"380\"src=\"https:\/\/www.gaestehaus-herrmann.at\/wp-content\/smush-webp\/gaestehaus-herrmann-filzmoos-4-570x380.jpg.webp\" srcset=\"https:\/\/www.gaestehaus-herrmann.at\/wp-content\/uploads\/gaestehaus-herrmann-filzmoos-4-320x213.jpg 320w,https:\/\/www.gaestehaus-herrmann.at\/wp-content\/uploads\/gaestehaus-herrmann-filzmoos-4-480x320.jpg 480w,https:\/\/www.gaestehaus-herrmann.at\/wp-content\/smush-webp\/gaestehaus-herrmann-filzmoos-4-570x380.jpg.webp 570w\" data-img-src=\"https:\/\/www.gaestehaus-herrmann.at\/wp-content\/uploads\/gaestehaus-herrmann-filzmoos-4.jpg\" alt=\"Ihr Urlaub im G\u00e4stehaus Herrmann in Filzmoos, Salzburg\" title=\"gaestehaus-herrmann-filzmoos-4\" \/><\/a><figcaption><\/figcaption><\/figure><\/div><\/div><\/div><\/div><\/div><div class=\"vce-col vce-col--md-50p vce-col--xs-1 vce-col--xs-last vce-col--xs-first vce-col--sm-last vce-col--sm-first vce-col--md-last vce-col--lg-last vce-col--xl-last\" id=\"el-cdf5184d\"><div class=\"vce-col-inner\" data-vce-do-apply=\"border margin background  el-cdf5184d\"><div class=\"vce-col-content\" data-vce-element-content=\"true\" data-vce-do-apply=\"padding el-cdf5184d\"><div class=\"vce-text-block\"><div class=\"vce-text-block-wrapper vce\" id=\"el-8e767675\" data-vce-do-apply=\"all el-8e767675\"><h1>Contact &amp; directions<\/h1><h2>G\u00e4stehaus Herrmann in Filzmoos, Salzburger Land<\/h2><\/div><\/div><div class=\"vce-text-block\"><div class=\"vce-text-block-wrapper vce\" id=\"el-5fc3c413\" data-vce-do-apply=\"all el-5fc3c413\"><p>G\u00e4stehaus Herrmann<\/p><p>Family Markus &amp; Simone Herrmann<\/p><p>Sonnleiten 2<\/p><p>A-5532 Filzmoos<\/p><p>Tel.&nbsp;<a href=\"tel:+43645320040\">+43 6453 200 40<\/a><\/p><p><a href=\"mailto:info@gaestehaus-herrmann.at\">info@gaestehaus-herrmann.at<\/a><\/p><\/div><\/div><\/div><\/div><\/div><\/div><\/div><\/div><div class=\"vce-row-container\"><div class=\"vce-row vce-row--col-gap-30 vce-row-columns--top vce-row-content--top\" id=\"el-b599e751\" data-vce-do-apply=\"all el-b599e751\"><div class=\"vce-row-content\" data-vce-element-content=\"true\"><div class=\"vce-col vce-col--md-auto vce-col--xs-1 vce-col--xs-last vce-col--xs-first vce-col--sm-last vce-col--sm-first vce-col--md-last vce-col--lg-last vce-col--xl-last vce-col--md-first vce-col--lg-first vce-col--xl-first\" id=\"el-450c1bc8\"><div class=\"vce-col-inner\" data-vce-do-apply=\"border margin background  el-450c1bc8\"><div class=\"vce-col-content\" data-vce-element-content=\"true\" data-vce-do-apply=\"padding el-450c1bc8\"><div class=\"vce-text-block\"><div class=\"vce-text-block-wrapper vce\" id=\"el-6e9c878d\" data-vce-do-apply=\"all el-6e9c878d\"><h3>How to get to the G\u00e4stehaus Herrmann<\/h3><\/div><\/div><div class=\"vce-text-block\"><div class=\"vce-text-block-wrapper vce\" id=\"el-1e3ae4d6\" data-vce-do-apply=\"all el-1e3ae4d6\"><p>Location of our&nbsp; <a href=\"https:\/\/www.gaestehaus-herrmann.at\/en\">G\u00e4stehaus in Filzmoos<\/a>: Please note for your journey that a <strong>valid motorway toll sticker<\/strong> is required for travel on Austrian motorways. Find out about the current <a href=\"https:\/\/www.oeamtc.at\/\" target=\"_blank\" rel=\"noopener noreferrer\">traffic report (\u00d6AMTC)<\/a> before setting off. The following <strong>GPS-data<\/strong> for your sat nav (UMT) will lead you to us: lat: 47.4365566, long: 13.5303224.&nbsp;<\/p><\/div><\/div><\/div><\/div><\/div><\/div><\/div><\/div><div class=\"vce-row-container\"><div class=\"vce-row vce-row--col-gap-30 vce-row-columns--top vce-row-content--top\" id=\"el-7f0a0b20\" data-vce-do-apply=\"all el-7f0a0b20\"><div class=\"vce-row-content\" data-vce-element-content=\"true\"><div class=\"vce-col vce-col--md-auto vce-col--xs-1 vce-col--xs-last vce-col--xs-first vce-col--sm-last vce-col--sm-first vce-col--md-last vce-col--lg-last vce-col--xl-last vce-col--md-first vce-col--lg-first vce-col--xl-first\" id=\"el-ac0aef28\"><div class=\"vce-col-inner\" data-vce-do-apply=\"border margin background  el-ac0aef28\"><div class=\"vce-col-content\" data-vce-element-content=\"true\" data-vce-do-apply=\"padding el-ac0aef28\"><\/div><\/div><\/div><\/div><\/div><\/div><div class=\"vce-row-container\"><div class=\"vce-row vce-row--col-gap-30 vce-row-columns--top vce-row-content--top\" id=\"el-052c89ac\" data-vce-do-apply=\"all el-052c89ac\"><div class=\"vce-row-content\" data-vce-element-content=\"true\"><div class=\"vce-col vce-col--md-50p vce-col--xs-1 vce-col--xs-last vce-col--xs-first vce-col--sm-last vce-col--sm-first vce-col--md-first vce-col--lg-first vce-col--xl-first\" id=\"el-eccf18d0\"><div class=\"vce-col-inner\" data-vce-do-apply=\"border margin background  el-eccf18d0\"><div class=\"vce-col-content\" data-vce-element-content=\"true\" data-vce-do-apply=\"padding el-eccf18d0\"><div class=\"vce-text-block\"><div class=\"vce-text-block-wrapper vce\" id=\"el-08169b20\" data-vce-do-apply=\"all el-08169b20\"><h3>Arriving by rail<\/h3><\/div><\/div><div class=\"vce-single-image-container vce-single-image--align-left\"><div class=\"vce vce-single-image-wrapper\" id=\"el-6d51885f\" data-vce-do-apply=\"all el-6d51885f\"><figure><a href=\"https:\/\/www.gaestehaus-herrmann.at\/wp-content\/smush-webp\/anreise-bahn-filzmoos-1.jpg.webp\" data-lightbox=\"lightbox-6d51885f\" class=\"vce-single-image-inner vce-single-image--absolute\" style=\"padding-bottom: 66.6667%; width: 570px;\"><img class=\"vce-single-image\" width=\"570\" height=\"380\"src=\"https:\/\/www.gaestehaus-herrmann.at\/wp-content\/smush-webp\/anreise-bahn-filzmoos-1-570x380.jpg.webp\" srcset=\"https:\/\/www.gaestehaus-herrmann.at\/wp-content\/uploads\/anreise-bahn-filzmoos-1-320x213.jpg 320w,https:\/\/www.gaestehaus-herrmann.at\/wp-content\/uploads\/anreise-bahn-filzmoos-1-480x320.jpg 480w,https:\/\/www.gaestehaus-herrmann.at\/wp-content\/smush-webp\/anreise-bahn-filzmoos-1-570x380.jpg.webp 570w\" data-img-src=\"https:\/\/www.gaestehaus-herrmann.at\/wp-content\/uploads\/anreise-bahn-filzmoos-1.jpg\" alt=\"Anreise mit der Bahn\" title=\"Anreise mit der Bahn\" \/><\/a><figcaption><\/figcaption><\/figure><\/div><\/div><div class=\"vce-text-block\"><div class=\"vce-text-block-wrapper vce\" id=\"el-21b9ce09\" data-vce-do-apply=\"all el-21b9ce09\"><p>The <strong>nearest railway stations<\/strong> are <strong>Eben im Pongau<\/strong> (approx. 13 km away) and <strong>Radstadt<\/strong> (approx. 21 km away). Onward journey to Filzmoos is by bus or taxi.&nbsp; <\/p><\/div><\/div><div class=\"vce-text-block\"><div class=\"vce-text-block-wrapper vce\" id=\"el-7e4fb32a\" data-vce-do-apply=\"all el-7e4fb32a\"><ul><li><a href=\"https:\/\/www.oebb.at\/\" target=\"_blank\" rel=\"noopener noreferrer\">Austrian Rail<\/a><\/li><li><a href=\"https:\/\/www.bahn.de\/\" target=\"_blank\" rel=\"noopener noreferrer\">German Rail<\/a><\/li><li><a href=\"https:\/\/www.sbb.ch\/\" target=\"_blank\" rel=\"noopener noreferrer\">Swiss Rail<\/a><\/li><\/ul><\/div><\/div><\/div><\/div><\/div><div class=\"vce-col vce-col--md-50p vce-col--xs-1 vce-col--xs-last vce-col--xs-first vce-col--sm-last vce-col--sm-first vce-col--md-last vce-col--lg-last vce-col--xl-last\" id=\"el-6fc1f4eb\"><div class=\"vce-col-inner\" data-vce-do-apply=\"border margin background  el-6fc1f4eb\"><div class=\"vce-col-content\" data-vce-element-content=\"true\" data-vce-do-apply=\"padding el-6fc1f4eb\"><div class=\"vce-text-block\"><div class=\"vce-text-block-wrapper vce\" id=\"el-881fdbe1\" data-vce-do-apply=\"all el-881fdbe1\"><h3>Arriving by plane<\/h3><\/div><\/div><div class=\"vce-single-image-container vce-single-image--align-left\"><div class=\"vce vce-single-image-wrapper\" id=\"el-0ff1d66a\" data-vce-do-apply=\"all el-0ff1d66a\"><figure><a href=\"https:\/\/www.gaestehaus-herrmann.at\/wp-content\/smush-webp\/anreise-flugzeug-filzmoos-1.jpg.webp\" data-lightbox=\"lightbox-0ff1d66a\" class=\"vce-single-image-inner vce-single-image--absolute\" style=\"padding-bottom: 66.6667%; width: 570px;\"><img class=\"vce-single-image\" width=\"570\" height=\"380\"src=\"https:\/\/www.gaestehaus-herrmann.at\/wp-content\/smush-webp\/anreise-flugzeug-filzmoos-1-570x380.jpg.webp\" srcset=\"https:\/\/www.gaestehaus-herrmann.at\/wp-content\/uploads\/anreise-flugzeug-filzmoos-1-320x213.jpg 320w,https:\/\/www.gaestehaus-herrmann.at\/wp-content\/uploads\/anreise-flugzeug-filzmoos-1-480x320.jpg 480w,https:\/\/www.gaestehaus-herrmann.at\/wp-content\/smush-webp\/anreise-flugzeug-filzmoos-1-570x380.jpg.webp 570w\" data-img-src=\"https:\/\/www.gaestehaus-herrmann.at\/wp-content\/uploads\/anreise-flugzeug-filzmoos-1.jpg\" alt=\"Anreise mit dem Flugzeug\" title=\"Anreise mit dem Flugzeug\" \/><\/a><figcaption><\/figcaption><\/figure><\/div><\/div><div class=\"vce-text-block\"><div class=\"vce-text-block-wrapper vce\" id=\"el-f9812030\" data-vce-do-apply=\"all el-f9812030\"><p>If you are arriving by plane we recommend the&nbsp; <a href=\"https:\/\/www.salzburg-airport.com\/\" target=\"_blank\" rel=\"noopener noreferrer\">Airport in Salzburg Airport \"W. A. Mozart\"<\/a> (approx. 76 km away) or the <a href=\"https:\/\/www.munich-airport.de\/\" target=\"_blank\" rel=\"noopener noreferrer\">Airport in Munich \"Franz Josef Strau\u00df\"<\/a> (approx. 243 km away).<\/p><\/div><\/div><div class=\"vce-row-container\"><div class=\"vce-row vce-row--col-gap-30 vce-row-columns--top vce-row-content--top\" id=\"el-ebfafd77\" data-vce-do-apply=\"all el-ebfafd77\"><div class=\"vce-row-content\" data-vce-element-content=\"true\"><div class=\"vce-col vce-col--md-50p vce-col--xs-1 vce-col--xs-last vce-col--xs-first vce-col--sm-last vce-col--sm-first vce-col--md-first vce-col--lg-first vce-col--xl-first\" id=\"el-480225e8\"><div class=\"vce-col-inner\" data-vce-do-apply=\"border margin background  el-480225e8\"><div class=\"vce-col-content\" data-vce-element-content=\"true\" data-vce-do-apply=\"padding el-480225e8\"><div class=\"vce-text-block\"><div class=\"vce-text-block-wrapper vce\" id=\"el-6ceb9bfb\" data-vce-do-apply=\"all el-6ceb9bfb\"><ul><li><a href=\"https:\/\/www.austrian.com\/\" target=\"_blank\" rel=\"noopener noreferrer\">AUA\/Lufthansa<\/a><\/li><li><a href=\"https:\/\/www.britishairways.com\/\" target=\"_blank\" rel=\"noopener noreferrer\">British Airways<\/a><\/li><li><a href=\"https:\/\/www.eurowings.com\/\" target=\"_blank\" rel=\"noopener noreferrer\">Eurowings<\/a><\/li><\/ul><\/div><\/div><\/div><\/div><\/div><div class=\"vce-col vce-col--md-50p vce-col--xs-1 vce-col--xs-last vce-col--xs-first vce-col--sm-last vce-col--sm-first vce-col--md-last vce-col--lg-last vce-col--xl-last\" id=\"el-7959049a\"><div class=\"vce-col-inner\" data-vce-do-apply=\"border margin background  el-7959049a\"><div class=\"vce-col-content\" data-vce-element-content=\"true\" data-vce-do-apply=\"padding el-7959049a\"><div class=\"vce-text-block\"><div class=\"vce-text-block-wrapper vce\" id=\"el-deebaee4\" data-vce-do-apply=\"all el-deebaee4\"><ul><li><a href=\"https:\/\/www.norwegian.com\/\" target=\"_blank\" rel=\"noopener noreferrer\">Norwegian<\/a><\/li><li><a href=\"https:\/\/www.ryanair.com\/\" target=\"_blank\" rel=\"noopener noreferrer\">Ryan Air<\/a><\/li><li><a href=\"https:\/\/www.transavia.com\/\" target=\"_blank\" rel=\"noopener noreferrer\">Transavia<\/a><\/li><\/ul><\/div><\/div><\/div><\/div><\/div><\/div><\/div><\/div><\/div><\/div><\/div><\/div><\/div><\/div><div class=\"vce-row-container\"><div class=\"vce-row vce-row--col-gap-30 vce-row-columns--top vce-row-content--top\" id=\"el-4fb93daf\" data-vce-do-apply=\"all el-4fb93daf\"><div class=\"vce-row-content\" data-vce-element-content=\"true\"><div class=\"vce-col vce-col--md-auto vce-col--xs-1 vce-col--xs-last vce-col--xs-first vce-col--sm-last vce-col--sm-first vce-col--md-last vce-col--lg-last vce-col--xl-last vce-col--md-first vce-col--lg-first vce-col--xl-first\" id=\"el-ac2bf0ee\"><div class=\"vce-col-inner\" data-vce-do-apply=\"border margin background  el-ac2bf0ee\"><div class=\"vce-col-content\" data-vce-element-content=\"true\" data-vce-do-apply=\"padding el-ac2bf0ee\"><div class=\"vce-text-block\"><div class=\"vce-text-block-wrapper vce\" id=\"el-6ce1245e\" data-vce-do-apply=\"all el-6ce1245e\"><h4>Taxi companies &amp; airport transfers<\/h4><\/div><\/div><div class=\"vce-text-block\"><div class=\"vce-text-block-wrapper vce\" id=\"el-81a74c02\" data-vce-do-apply=\"all el-81a74c02\"><p>The following companies are available for your arrival and departure: <\/p><ul><li><a href=\"https:\/\/www.taxi-jaeger.at\/s_index.html\" target=\"_blank\" rel=\"noopener noreferrer\">Taxi J\u00e4ger<\/a>, Tel. <a href=\"tel:+4364538273\">+43 6453 8273<\/a><\/li><li>Taxi Vierthaler, Tel. <a href=\"tel:+4364538392\">+43 6453 8392<\/a><\/li><\/ul><\/div><\/div><\/div><\/div><\/div><\/div><\/div><\/div>\n","protected":false},"excerpt":{"rendered":"<p>Contact &amp; directionsG\u00e4stehaus Herrmann in Filzmoos, Salzburger LandG\u00e4stehaus HerrmannFamily Markus &amp; Simone HerrmannSonnleiten 2A-5532 FilzmoosTel.&nbsp;+43 6453 200 40info@gaestehaus-herrmann.atHow to get to the G\u00e4stehaus HerrmannLocation of our&nbsp; G\u00e4stehaus in Filzmoos: Please note for your journey that a valid motorway toll sticker is required for travel on Austrian motorways. Find out about the current traffic report (\u00d6AMTC) [&hellip;]<\/p>\n","protected":false},"author":4,"featured_media":321,"parent":0,"menu_order":0,"comment_status":"closed","ping_status":"closed","template":"","meta":{"_acf_changed":false,"footnotes":""},"class_list":["post-1753","page","type-page","status-publish","has-post-thumbnail","hentry"],"acf":[],"yoast_head":"<!-- This site is optimized with the Yoast SEO plugin v27.6 - https:\/\/yoast.com\/product\/yoast-seo-wordpress\/ -->\n<title>Contact &amp; directions - G\u00e4stehaus Herrmann in Filzmoos, Ski amad\u00e9<\/title>\n<meta name=\"description\" content=\"Our contact details: G\u00e4stehaus Herrmann, Family Markus &amp; Simone Herrmann, Sonnleiten 2, A-5532 Filzmoos, Tel. +43 6453 200 40, info@gaestehaus-herrmann.at\" \/>\n<meta name=\"robots\" content=\"index, follow, max-snippet:-1, max-image-preview:large, max-video-preview:-1\" \/>\n<link rel=\"canonical\" href=\"https:\/\/www.gaestehaus-herrmann.at\/en\/contact-directions\/\" \/>\n<meta name=\"twitter:label1\" content=\"Est. reading time\" \/>\n\t<meta name=\"twitter:data1\" content=\"1 minute\" \/>\n<script type=\"application\/ld+json\" class=\"yoast-schema-graph\">{\"@context\":\"https:\\\/\\\/schema.org\",\"@graph\":[{\"@type\":\"WebPage\",\"@id\":\"https:\\\/\\\/www.gaestehaus-herrmann.at\\\/en\\\/contact-directions\\\/\",\"url\":\"https:\\\/\\\/www.gaestehaus-herrmann.at\\\/en\\\/contact-directions\\\/\",\"name\":\"Contact & directions - G\u00e4stehaus Herrmann in Filzmoos, Ski amad\u00e9\",\"isPartOf\":{\"@id\":\"https:\\\/\\\/www.gaestehaus-herrmann.at\\\/#website\"},\"primaryImageOfPage\":{\"@id\":\"https:\\\/\\\/www.gaestehaus-herrmann.at\\\/en\\\/contact-directions\\\/#primaryimage\"},\"image\":{\"@id\":\"https:\\\/\\\/www.gaestehaus-herrmann.at\\\/en\\\/contact-directions\\\/#primaryimage\"},\"thumbnailUrl\":\"https:\\\/\\\/www.gaestehaus-herrmann.at\\\/wp-content\\\/uploads\\\/kontakt-gaestehaus-herrmann-zimmer-ferienwohnungen-filzmoos-1.jpg\",\"datePublished\":\"2018-11-16T01:27:59+00:00\",\"dateModified\":\"2022-10-06T06:11:21+00:00\",\"description\":\"Our contact details: G\u00e4stehaus Herrmann, Family Markus & Simone Herrmann, Sonnleiten 2, A-5532 Filzmoos, Tel. +43 6453 200 40, info@gaestehaus-herrmann.at\",\"breadcrumb\":{\"@id\":\"https:\\\/\\\/www.gaestehaus-herrmann.at\\\/en\\\/contact-directions\\\/#breadcrumb\"},\"inLanguage\":\"en-US\",\"potentialAction\":[{\"@type\":\"ReadAction\",\"target\":[\"https:\\\/\\\/www.gaestehaus-herrmann.at\\\/en\\\/contact-directions\\\/\"]}]},{\"@type\":\"ImageObject\",\"inLanguage\":\"en-US\",\"@id\":\"https:\\\/\\\/www.gaestehaus-herrmann.at\\\/en\\\/contact-directions\\\/#primaryimage\",\"url\":\"https:\\\/\\\/www.gaestehaus-herrmann.at\\\/wp-content\\\/uploads\\\/kontakt-gaestehaus-herrmann-zimmer-ferienwohnungen-filzmoos-1.jpg\",\"contentUrl\":\"https:\\\/\\\/www.gaestehaus-herrmann.at\\\/wp-content\\\/uploads\\\/kontakt-gaestehaus-herrmann-zimmer-ferienwohnungen-filzmoos-1.jpg\",\"width\":1920,\"height\":539,\"caption\":\"G\u00e4stehaus Herrmann - Zimmer & Ferienwohnungen in Filzmoos\"},{\"@type\":\"BreadcrumbList\",\"@id\":\"https:\\\/\\\/www.gaestehaus-herrmann.at\\\/en\\\/contact-directions\\\/#breadcrumb\",\"itemListElement\":[{\"@type\":\"ListItem\",\"position\":1,\"name\":\"Startseite\",\"item\":\"https:\\\/\\\/www.gaestehaus-herrmann.at\\\/en\\\/\"},{\"@type\":\"ListItem\",\"position\":2,\"name\":\"Contact &#038; Directions\"}]},{\"@type\":\"WebSite\",\"@id\":\"https:\\\/\\\/www.gaestehaus-herrmann.at\\\/#website\",\"url\":\"https:\\\/\\\/www.gaestehaus-herrmann.at\\\/\",\"name\":\"G\u00e4stehaus Herrmann\",\"description\":\"Ferienwohnungen und Zimmer in Filzmoos\",\"potentialAction\":[{\"@type\":\"SearchAction\",\"target\":{\"@type\":\"EntryPoint\",\"urlTemplate\":\"https:\\\/\\\/www.gaestehaus-herrmann.at\\\/?s={search_term_string}\"},\"query-input\":{\"@type\":\"PropertyValueSpecification\",\"valueRequired\":true,\"valueName\":\"search_term_string\"}}],\"inLanguage\":\"en-US\"}]}<\/script>\n<!-- \/ Yoast SEO plugin. -->","yoast_head_json":{"title":"Contact & directions - G\u00e4stehaus Herrmann in Filzmoos, Ski amad\u00e9","description":"Our contact details: G\u00e4stehaus Herrmann, Family Markus & Simone Herrmann, Sonnleiten 2, A-5532 Filzmoos, Tel. +43 6453 200 40, info@gaestehaus-herrmann.at","robots":{"index":"index","follow":"follow","max-snippet":"max-snippet:-1","max-image-preview":"max-image-preview:large","max-video-preview":"max-video-preview:-1"},"canonical":"https:\/\/www.gaestehaus-herrmann.at\/en\/contact-directions\/","twitter_misc":{"Est. reading time":"1 minute"},"schema":{"@context":"https:\/\/schema.org","@graph":[{"@type":"WebPage","@id":"https:\/\/www.gaestehaus-herrmann.at\/en\/contact-directions\/","url":"https:\/\/www.gaestehaus-herrmann.at\/en\/contact-directions\/","name":"Contact & directions - G\u00e4stehaus Herrmann in Filzmoos, Ski amad\u00e9","isPartOf":{"@id":"https:\/\/www.gaestehaus-herrmann.at\/#website"},"primaryImageOfPage":{"@id":"https:\/\/www.gaestehaus-herrmann.at\/en\/contact-directions\/#primaryimage"},"image":{"@id":"https:\/\/www.gaestehaus-herrmann.at\/en\/contact-directions\/#primaryimage"},"thumbnailUrl":"https:\/\/www.gaestehaus-herrmann.at\/wp-content\/uploads\/kontakt-gaestehaus-herrmann-zimmer-ferienwohnungen-filzmoos-1.jpg","datePublished":"2018-11-16T01:27:59+00:00","dateModified":"2022-10-06T06:11:21+00:00","description":"Our contact details: G\u00e4stehaus Herrmann, Family Markus & Simone Herrmann, Sonnleiten 2, A-5532 Filzmoos, Tel. +43 6453 200 40, info@gaestehaus-herrmann.at","breadcrumb":{"@id":"https:\/\/www.gaestehaus-herrmann.at\/en\/contact-directions\/#breadcrumb"},"inLanguage":"en-US","potentialAction":[{"@type":"ReadAction","target":["https:\/\/www.gaestehaus-herrmann.at\/en\/contact-directions\/"]}]},{"@type":"ImageObject","inLanguage":"en-US","@id":"https:\/\/www.gaestehaus-herrmann.at\/en\/contact-directions\/#primaryimage","url":"https:\/\/www.gaestehaus-herrmann.at\/wp-content\/uploads\/kontakt-gaestehaus-herrmann-zimmer-ferienwohnungen-filzmoos-1.jpg","contentUrl":"https:\/\/www.gaestehaus-herrmann.at\/wp-content\/uploads\/kontakt-gaestehaus-herrmann-zimmer-ferienwohnungen-filzmoos-1.jpg","width":1920,"height":539,"caption":"G\u00e4stehaus Herrmann - Zimmer & Ferienwohnungen in Filzmoos"},{"@type":"BreadcrumbList","@id":"https:\/\/www.gaestehaus-herrmann.at\/en\/contact-directions\/#breadcrumb","itemListElement":[{"@type":"ListItem","position":1,"name":"Startseite","item":"https:\/\/www.gaestehaus-herrmann.at\/en\/"},{"@type":"ListItem","position":2,"name":"Contact &#038; Directions"}]},{"@type":"WebSite","@id":"https:\/\/www.gaestehaus-herrmann.at\/#website","url":"https:\/\/www.gaestehaus-herrmann.at\/","name":"G\u00e4stehaus Herrmann","description":"Ferienwohnungen und Zimmer in Filzmoos","potentialAction":[{"@type":"SearchAction","target":{"@type":"EntryPoint","urlTemplate":"https:\/\/www.gaestehaus-herrmann.at\/?s={search_term_string}"},"query-input":{"@type":"PropertyValueSpecification","valueRequired":true,"valueName":"search_term_string"}}],"inLanguage":"en-US"}]}},"_links":{"self":[{"href":"https:\/\/www.gaestehaus-herrmann.at\/en\/wp-json\/wp\/v2\/pages\/1753","targetHints":{"allow":["GET"]}}],"collection":[{"href":"https:\/\/www.gaestehaus-herrmann.at\/en\/wp-json\/wp\/v2\/pages"}],"about":[{"href":"https:\/\/www.gaestehaus-herrmann.at\/en\/wp-json\/wp\/v2\/types\/page"}],"author":[{"embeddable":true,"href":"https:\/\/www.gaestehaus-herrmann.at\/en\/wp-json\/wp\/v2\/users\/4"}],"replies":[{"embeddable":true,"href":"https:\/\/www.gaestehaus-herrmann.at\/en\/wp-json\/wp\/v2\/comments?post=1753"}],"version-history":[{"count":0,"href":"https:\/\/www.gaestehaus-herrmann.at\/en\/wp-json\/wp\/v2\/pages\/1753\/revisions"}],"wp:featuredmedia":[{"embeddable":true,"href":"https:\/\/www.gaestehaus-herrmann.at\/en\/wp-json\/wp\/v2\/media\/321"}],"wp:attachment":[{"href":"https:\/\/www.gaestehaus-herrmann.at\/en\/wp-json\/wp\/v2\/media?parent=1753"}],"curies":[{"name":"wp","href":"https:\/\/api.w.org\/{rel}","templated":true}]}}