{"id":1763,"date":"2018-09-26T16:25:50","date_gmt":"2018-09-26T14:25:50","guid":{"rendered":"http:\/\/wordpress.gaestehaus-herrmann.at\/impressum\/"},"modified":"2024-04-08T10:12:30","modified_gmt":"2024-04-08T08:12:30","slug":"terms","status":"publish","type":"page","link":"https:\/\/www.gaestehaus-herrmann.at\/en\/terms\/","title":{"rendered":"Terms"},"content":{"rendered":"<div class=\"vce-row-container\" data-vce-boxed-width=\"true\"><div class=\"vce-row vce-row--col-gap-30 vce-row-content--top\" id=\"el-08be0414\" data-vce-do-apply=\"all el-08be0414\"><div class=\"vce-row-content\" data-vce-element-content=\"true\"><div class=\"vce-col vce-col--md-auto vce-col--xs-1 vce-col--xs-last vce-col--xs-first vce-col--sm-last vce-col--sm-first vce-col--md-last vce-col--lg-last vce-col--xl-last vce-col--md-first vce-col--lg-first vce-col--xl-first\" id=\"el-60658253\"><div class=\"vce-col-inner\" data-vce-do-apply=\"border margin background  el-60658253\"><div class=\"vce-col-content\" data-vce-element-content=\"true\" data-vce-do-apply=\"padding el-60658253\"><div class=\"vce-text-block\"><div class=\"vce-text-block-wrapper vce\" id=\"el-6372d833\" data-vce-do-apply=\"all el-6372d833\"><h1 style=\"text-align: center;\">Terms<\/h1><\/div><\/div><\/div><\/div><\/div><\/div><\/div><\/div><div class=\"vce-row-container\" data-vce-boxed-width=\"true\"><div class=\"vce-row vce-row--col-gap-30 vce-row-content--top\" id=\"el-5d1aee5e\" data-vce-do-apply=\"all el-5d1aee5e\"><div class=\"vce-row-content\" data-vce-element-content=\"true\"><div class=\"vce-col vce-col--md-100p vce-col--xs-1 vce-col--xs-last vce-col--xs-first vce-col--sm-last vce-col--sm-first vce-col--md-last vce-col--lg-last vce-col--xl-last vce-col--md-first vce-col--lg-first vce-col--xl-first\" id=\"el-68ca0335\"><div class=\"vce-col-inner\" data-vce-do-apply=\"border margin background  el-68ca0335\"><div class=\"vce-col-content\" data-vce-element-content=\"true\" data-vce-do-apply=\"padding el-68ca0335\"><div class=\"vce-text-block\"><div class=\"vce-text-block-wrapper vce\" id=\"el-3abae091\" data-vce-do-apply=\"all el-3abae091\"><h5>Website owner<\/h5><\/div><\/div><div class=\"vce-row-container\" data-vce-boxed-width=\"true\"><div class=\"vce-row vce-row--col-gap-30 vce-row-content--top\" id=\"el-d9c3ac6d\" data-vce-do-apply=\"all el-d9c3ac6d\"><div class=\"vce-row-content\" data-vce-element-content=\"true\"><div class=\"vce-col vce-col--md-33-34p vce-col--xs-1 vce-col--xs-last vce-col--xs-first vce-col--sm-last vce-col--sm-first vce-col--md-first vce-col--lg-first vce-col--xl-first\" id=\"el-6c736ae0\"><div class=\"vce-col-inner\" data-vce-do-apply=\"border margin background  el-6c736ae0\"><div class=\"vce-col-content\" data-vce-element-content=\"true\" data-vce-do-apply=\"padding el-6c736ae0\"><div class=\"vce-text-block\"><div class=\"vce-text-block-wrapper vce\" id=\"el-ff4231a9\" data-vce-do-apply=\"all el-ff4231a9\"><p>G\u00e4stehaus Herrmann<\/p><p>Herrmann Markus und Simone GbR<\/p><p>Sonnleiten 2<\/p><p>A-5532 Filzmoos<\/p><p>Tel. <a href=\"tel:+43645320040\">+43 6453 200 40<\/a><\/p><p><a href=\"mailto:info@gaestehaus-herrmann.at\">info@gaestehaus-herrmann.at<\/a><\/p><\/div><\/div><\/div><\/div><\/div><div class=\"vce-col vce-col--md-66-66p vce-col--xs-1 vce-col--xs-last vce-col--xs-first vce-col--sm-last vce-col--sm-first vce-col--md-last vce-col--lg-last vce-col--xl-last\" id=\"el-a2061ce3\"><div class=\"vce-col-inner\" data-vce-do-apply=\"border margin background  el-a2061ce3\"><div class=\"vce-col-content\" data-vce-element-content=\"true\" data-vce-do-apply=\"padding el-a2061ce3\"><div class=\"vce-text-block\"><div class=\"vce-text-block-wrapper vce\" id=\"el-d90500c3\" data-vce-do-apply=\"all el-d90500c3\"><p><strong>Company name<\/strong>: Herrmann Markus and Simone - G\u00e4stehaus Herrmann<\/p><p><strong>Section<\/strong>: Private accommodation<\/p><p><strong>Local Authority<\/strong>: St. Johann im Pongau<\/p><p><strong>Court of Justice<\/strong>:&nbsp;St. Johann im Pongau<\/p><p><strong>UID-Number<\/strong>: ATU70753534<\/p><\/div><\/div><\/div><\/div><\/div><\/div><\/div><\/div><\/div><\/div><\/div><\/div><\/div><\/div><div class=\"vce-row-container\" data-vce-boxed-width=\"true\"><div class=\"vce-row vce-row--col-gap-30 vce-row-content--top\" id=\"el-36cb7151\" data-vce-do-apply=\"all el-36cb7151\"><div class=\"vce-row-content\" data-vce-element-content=\"true\"><div class=\"vce-col vce-col--md-auto vce-col--xs-1 vce-col--xs-last vce-col--xs-first vce-col--sm-last vce-col--sm-first vce-col--md-last vce-col--lg-last vce-col--xl-last vce-col--md-first vce-col--lg-first vce-col--xl-first\" id=\"el-ee72ae0a\"><div class=\"vce-col-inner\" data-vce-do-apply=\"border margin background  el-ee72ae0a\"><div class=\"vce-col-content\" data-vce-element-content=\"true\" data-vce-do-apply=\"padding el-ee72ae0a\"><div class=\"vce-text-block\"><div class=\"vce-text-block-wrapper vce\" id=\"el-b136d8f7\" data-vce-do-apply=\"all el-b136d8f7\"><h5>Photo credits<\/h5><\/div><\/div><div class=\"vce-text-block\"><div class=\"vce-text-block-wrapper vce\" id=\"el-c1d62639\" data-vce-do-apply=\"all el-c1d62639\"><p>G\u00e4stehaus Herrmann, Christine Ho\u0308flehner Fotografie, Coen Weesjes, Tourimusinformation Filzmoos, Tourimusinformation Filzmoos\/Christian Fischbacher, Ikarus, Lorenz Masser, Nadia Jabli, filzmoos.ski, Freizeitzentrum Filzmoos GmbH, Erlebnis-Therme Amad\u00e9, Haus der Natur\/Kressl, <span style=\"font-style: initial; letter-spacing: initial; text-transform: initial;\">SalzburgerLand Tourismus, \u00d6sterreich Werbung\/Eisriesenwelt, \u00d6sterreich Werbung\/Volker Preusser, Ski amad\u00e9,&nbsp;<\/span><span style=\"font-style: initial; letter-spacing: initial; text-transform: initial;\">Shutterstock<\/span><\/p><\/div><\/div><\/div><\/div><\/div><\/div><\/div><\/div><div class=\"vce-row-container\" data-vce-boxed-width=\"true\"><div class=\"vce-row vce-row--col-gap-30 vce-row-content--top\" id=\"el-39129b2d\" data-vce-do-apply=\"all el-39129b2d\"><div class=\"vce-row-content\" data-vce-element-content=\"true\"><div class=\"vce-col vce-col--md-auto vce-col--xs-1 vce-col--xs-last vce-col--xs-first vce-col--sm-last vce-col--sm-first vce-col--md-last vce-col--lg-last vce-col--xl-last vce-col--md-first vce-col--lg-first vce-col--xl-first\" id=\"el-c0b5be16\"><div class=\"vce-col-inner\" data-vce-do-apply=\"border margin background  el-c0b5be16\"><div class=\"vce-col-content\" data-vce-element-content=\"true\" data-vce-do-apply=\"padding el-c0b5be16\"><div class=\"vce-text-block\"><div class=\"vce-text-block-wrapper vce\" id=\"el-f382dfab\" data-vce-do-apply=\"all el-f382dfab\"><h5>Text concept<\/h5><\/div><\/div><div class=\"vce-text-block\"><div class=\"vce-text-block-wrapper vce\" id=\"el-a3de817a\" data-vce-do-apply=\"all el-a3de817a\"><p>MACHT SINN GmbH<\/p><p>Franz-Hinterholzer-Kai 2c<\/p><p>A-5020 Salzburg<\/p><p><a href=\"https:\/\/www.macht-sinn.at\/\" target=\"_blank\" rel=\"noopener\">www.macht-sinn.at<\/a><\/p><\/div><\/div><div class=\"vce-text-block\"><div class=\"vce-text-block-wrapper vce\" id=\"el-a446741c\" data-vce-do-apply=\"all el-a446741c\"><h5>Concept, web design &amp; technical implementation<\/h5><\/div><\/div><div class=\"vce-text-block\"><div class=\"vce-text-block-wrapper vce\" id=\"el-67791047\" data-vce-do-apply=\"all el-67791047\"><p>IMPULS Werbeagentur OG<\/p><p>Stadtplatz 11<\/p><p>A-5550 Radstadt<\/p><div class=\"vc_row wpb_row vc_row-fluid\"><div class=\"wpb_column vc_column_container vc_col-sm-4\"><div class=\"vc_column-inner \"><div class=\"wpb_wrapper\"><div class=\"wpb_text_column wpb_content_element \"><div class=\"wpb_wrapper\"><p><a href=\"http:\/\/www.impuls-werbeagentur.at\/\" target=\"_blank\" rel=\"noopener noreferrer\">www.impuls-werbeagentur.at<\/a><\/p><\/div><\/div><\/div><\/div><\/div><\/div><\/div><\/div><div class=\"vce-text-block\"><div class=\"vce-text-block-wrapper vce\" id=\"el-e0ce2483\" data-vce-do-apply=\"all el-e0ce2483\"><p>This website was designed by <a href=\"http:\/\/www.impuls-werbeagentur.at\/\" target=\"_blank\" rel=\"noopener noreferrer\">IMPULS full-service advertising agency<\/a> in Radstadt, Pongau, a business which passionately creates and implements successful <a href=\"http:\/\/www.impuls-werbeagentur.at\/#leistungen\" target=\"_blank\" rel=\"noopener noreferrer\">Internet sites<\/a> for businesses in <a href=\"http:\/\/www.impuls-werbeagentur.at\/#agentur\" target=\"_blank\" rel=\"noopener noreferrer\">tourism<\/a>, <a href=\"http:\/\/www.impuls-werbeagentur.at\/#agentur\" target=\"_blank\" rel=\"noopener noreferrer\">hospitality<\/a>, <a href=\"http:\/\/www.impuls-werbeagentur.at\/#agentur\" target=\"_blank\" rel=\"noopener noreferrer\">commerce &amp; skilled crafts<\/a>. In addition, IMPULS offers customers <a href=\"http:\/\/www.impuls-werbeagentur.at\/#leistungen\" target=\"_blank\" rel=\"noopener noreferrer\">print solutions<\/a> such as official stationery, advertisements, catalogues, brochures and flyers. <a href=\"http:\/\/www.impuls-werbeagentur.at\/#leistungen\" target=\"_blank\" rel=\"noopener noreferrer\">Search-engine optimization<\/a>, <a href=\"http:\/\/www.impuls-werbeagentur.at\/#leistungen\" target=\"_blank\" rel=\"noopener noreferrer\">webshops<\/a>, <a href=\"http:\/\/www.impuls-werbeagentur.at\/#leistungen\" target=\"_blank\" rel=\"noopener noreferrer\">social marketing<\/a>, <a href=\"http:\/\/www.impuls-werbeagentur.at\/#leistungen\" target=\"_blank\" rel=\"noopener noreferrer\">corporate design<\/a> and <a href=\"http:\/\/www.impuls-werbeagentur.at\/#leistungen\" target=\"_blank\" rel=\"noopener noreferrer\">outdoor media<\/a> are likewise competencies of our advertising agency in Pongau. We invite you to take a look at our <a href=\"http:\/\/www.impuls-werbeagentur.at\/websites\/\" target=\"_blank\" rel=\"noopener noreferrer\">web references<\/a>, <a href=\"http:\/\/www.impuls-werbeagentur.at\/drucksorten\/\" target=\"_blank\" rel=\"noopener noreferrer\">print<\/a> and <a href=\"http:\/\/www.impuls-werbeagentur.at\/logos\/\" target=\"_blank\" rel=\"noopener noreferrer\">logo references<\/a> so you can see our qualities for yourself.<\/p><\/div><\/div><\/div><\/div><\/div><\/div><\/div><\/div><div class=\"vce-row-container\" data-vce-boxed-width=\"true\"><div class=\"vce-row vce-row--col-gap-30 vce-row-content--top\" id=\"el-ae13021a\" data-vce-do-apply=\"all el-ae13021a\"><div class=\"vce-row-content\" data-vce-element-content=\"true\"><div class=\"vce-col vce-col--md-auto vce-col--xs-1 vce-col--xs-last vce-col--xs-first vce-col--sm-last vce-col--sm-first vce-col--md-last vce-col--lg-last vce-col--xl-last vce-col--md-first vce-col--lg-first vce-col--xl-first\" id=\"el-4cca6c0d\"><div class=\"vce-col-inner\" data-vce-do-apply=\"border margin background  el-4cca6c0d\"><div class=\"vce-col-content\" data-vce-element-content=\"true\" data-vce-do-apply=\"padding el-4cca6c0d\"><div class=\"vce-text-block\"><div class=\"vce-text-block-wrapper vce\" id=\"el-b5c32224\" data-vce-do-apply=\"all el-b5c32224\"><h3>Haftungsausschluss<\/h3><\/div><\/div><\/div><\/div><\/div><\/div><\/div><\/div><div class=\"vce-row-container\" data-vce-boxed-width=\"true\"><div class=\"vce-row vce-row--col-gap-30 vce-row-content--top\" id=\"el-d9fcd8e3\" data-vce-do-apply=\"all el-d9fcd8e3\"><div class=\"vce-row-content\" data-vce-element-content=\"true\"><div class=\"vce-col vce-col--md-auto vce-col--xs-1 vce-col--xs-last vce-col--xs-first vce-col--sm-last vce-col--sm-first vce-col--md-last vce-col--lg-last vce-col--xl-last vce-col--md-first vce-col--lg-first vce-col--xl-first\" id=\"el-2623b3a2\"><div class=\"vce-col-inner\" data-vce-do-apply=\"border margin background  el-2623b3a2\"><div class=\"vce-col-content\" data-vce-element-content=\"true\" data-vce-do-apply=\"padding el-2623b3a2\"><div class=\"vce-text-block\"><div class=\"vce-text-block-wrapper vce\" id=\"el-6ad7ec45\" data-vce-do-apply=\"all el-6ad7ec45\"><p><strong>Inhalt des Onlineangebotes<\/strong><\/p><p>Der Autor \u00fcbernimmt keinerlei Gew\u00e4hr f\u00fcr die Aktualit\u00e4t, Korrektheit, Vollst\u00e4ndigkeit oder Qualit\u00e4t der bereitgestellten Informationen. Haftungsanspr\u00fcche gegen den Autor, welche sich auf Sch\u00e4den materieller oder ideeller Art beziehen, die durch die Nutzung oder Nichtnutzung der dargebotenen Informationen bzw. durch die Nutzung fehlerhafter und unvollst\u00e4ndiger Informationen verursacht wurden, sind grunds\u00e4tzlich ausgeschlossen, sofern seitens des Autors kein nachweislich vors\u00e4tzliches oder grob fahrl\u00e4ssiges Verschulden vorliegt. Alle Angebote sind freibleibend und unverbindlich.&nbsp; Der Autor beh\u00e4lt es sich ausdr\u00fccklich vor, Teile der Seiten oder das gesamte Angebot ohne gesonderte Ank\u00fcndigung zu ver\u00e4ndern, zu erg\u00e4nzen, zu l\u00f6schen oder die Ver\u00f6ffentlichung zeitweise oder endg\u00fcltig einzustellen.<\/p><p>&nbsp;<\/p><p><strong>Verweise und Links<\/strong><\/p><p>Bei direkten oder indirekten Verweisen auf fremde Internetseiten (\u201cLinks\u201d), die au\u00dferhalb des Verantwortungsbereiches des Autors liegen, w\u00fcrde eine Haftungsverpflichtung ausschlie\u00dflich in dem Fall in Kraft treten, in dem der Autor von den Inhalten Kenntnis hat und es ihm technisch m\u00f6glich und zumutbar w\u00e4re, die Nutzung im Falle rechtswidriger Inhalte zu verhindern.Der Autor erkl\u00e4rt hiermit ausdr\u00fccklich, dass zum Zeitpunkt der Linksetzung keine illegalen Inhalte auf den zu verlinkenden Seiten erkennbar waren. Auf die aktuelle und zuk\u00fcnftige Gestaltung, die Inhalte oder die Urheberschaft der gelinkten\/verkn\u00fcpften Seiten hat der Autor keinerlei Einfluss. Deshalb distanziert er sich hiermit ausdr\u00fccklich von allen Inhalten aller gelinkten \/verkn\u00fcpften Seiten, die nach der Linksetzung ver\u00e4ndert wurden. Diese Feststellung gilt f\u00fcr alle innerhalb des eigenen Internetangebotes gesetzten Links und Verweise sowie f\u00fcr Fremdeintr\u00e4ge in vom Autor eingerichteten G\u00e4steb\u00fcchern, Diskussionsforen und Mailinglisten. F\u00fcr illegale, fehlerhafte oder unvollst\u00e4ndige Inhalte und insbesondere f\u00fcr Sch\u00e4den, die aus der Nutzung oder Nichtnutzung solcherart dargebotener Informationen entstehen, haftet allein der Anbieter der Seite, auf welche verwiesen wurde, nicht derjenige, der \u00fcber Links auf die jeweilige Ver\u00f6ffentlichung lediglich verweist.<\/p><p>&nbsp;<\/p><p><strong>Urheber- und Kennzeichenrecht<\/strong><\/p><p>Der Autor ist bestrebt, in allen Publikationen die Urheberrechte der verwendeten Grafiken, Tondokumente, Videosequenzen und Texte zu beachten, von ihm selbst erstellte Grafiken, Tondokumente, Videosequenzen und Texte zu nutzen oder auf lizenzfreie Grafiken, Tondokumente, Videosequenzen und Texte zur\u00fcckzugreifen. Alle innerhalb des Internetangebotes genannten und ggf. durch Dritte gesch\u00fctzten Marken- und Warenzeichen unterliegen uneingeschr\u00e4nkt den Bestimmungen des jeweils g\u00fcltigen Kennzeichenrechts und den Besitzrechten der jeweiligen eingetragenen Eigent\u00fcmer. Allein aufgrund der blo\u00dfen Nennung ist nicht der Schlu\u00df zu ziehen, dass Markenzeichen nicht durch Rechte Dritter gesch\u00fctzt sind! Das Copyright f\u00fcr ver\u00f6ffentlichte, vom Autor selbst erstellte Objekte bleibt allein beim Autor der Seiten. Eine Vervielf\u00e4ltigung oder Verwendung solcher Grafiken, Tondokumente, Videosequenzen und Texte in anderen elektronischen oder gedruckten Publikationen ist ohne ausdr\u00fcckliche Zustimmung des Autors nicht gestattet.<\/p><p>&nbsp;<\/p><p><strong>Rechtswirksamkeit dieses Haftungsausschlusses<\/strong><\/p><p>Dieser Haftungsausschluss ist als Teil des Internetangebotes zu betrachten, von dem aus auf diese Seite verwiesen wurde. Sofern Teile oder einzelne Formulierungen dieses Textes der geltenden Rechtslage nicht, nicht mehr oder nicht vollst\u00e4ndig entsprechen sollten, bleiben die \u00fcbrigen Teile des Dokumentes in ihrem Inhalt und ihrer G\u00fcltigkeit davon unber\u00fchrt.<\/p><p>&nbsp;<\/p><p><strong>W3C<\/strong><\/p><p>Diese Homepage entspricht den Richtlinien der W3C.<\/p><\/div><\/div><\/div><\/div><\/div><\/div><\/div><\/div>\n","protected":false},"excerpt":{"rendered":"<p>TermsWebsite ownerG\u00e4stehaus HerrmannHerrmann Markus und Simone GbRSonnleiten 2A-5532 FilzmoosTel. +43 6453 200 40info@gaestehaus-herrmann.atCompany name: Herrmann Markus and Simone &#8211; G\u00e4stehaus HerrmannSection: Private accommodationLocal Authority: St. Johann im PongauCourt of Justice:&nbsp;St. Johann im PongauUID-Number: ATU70753534Photo creditsG\u00e4stehaus Herrmann, Christine Ho\u0308flehner Fotografie, Coen Weesjes, Tourimusinformation Filzmoos, Tourimusinformation Filzmoos\/Christian Fischbacher, Ikarus, Lorenz Masser, Nadia Jabli, filzmoos.ski, Freizeitzentrum Filzmoos GmbH, [&hellip;]<\/p>\n","protected":false},"author":1,"featured_media":513,"parent":0,"menu_order":0,"comment_status":"closed","ping_status":"closed","template":"","meta":{"_acf_changed":false,"footnotes":""},"class_list":["post-1763","page","type-page","status-publish","has-post-thumbnail","hentry"],"acf":[],"yoast_head":"<!-- This site is optimized with the Yoast SEO plugin v27.4 - https:\/\/yoast.com\/product\/yoast-seo-wordpress\/ -->\n<title>Terms - G\u00e4stehaus Herrmann<\/title>\n<meta name=\"robots\" content=\"index, follow, max-snippet:-1, max-image-preview:large, max-video-preview:-1\" \/>\n<link rel=\"canonical\" href=\"https:\/\/www.gaestehaus-herrmann.at\/en\/terms\/\" \/>\n<meta name=\"twitter:label1\" content=\"Est. reading time\" \/>\n\t<meta name=\"twitter:data1\" content=\"4 minutes\" \/>\n<script type=\"application\/ld+json\" class=\"yoast-schema-graph\">{\"@context\":\"https:\\\/\\\/schema.org\",\"@graph\":[{\"@type\":\"WebPage\",\"@id\":\"https:\\\/\\\/www.gaestehaus-herrmann.at\\\/en\\\/terms\\\/\",\"url\":\"https:\\\/\\\/www.gaestehaus-herrmann.at\\\/en\\\/terms\\\/\",\"name\":\"Terms - G\u00e4stehaus Herrmann\",\"isPartOf\":{\"@id\":\"https:\\\/\\\/www.gaestehaus-herrmann.at\\\/#website\"},\"primaryImageOfPage\":{\"@id\":\"https:\\\/\\\/www.gaestehaus-herrmann.at\\\/en\\\/terms\\\/#primaryimage\"},\"image\":{\"@id\":\"https:\\\/\\\/www.gaestehaus-herrmann.at\\\/en\\\/terms\\\/#primaryimage\"},\"thumbnailUrl\":\"https:\\\/\\\/www.gaestehaus-herrmann.at\\\/wp-content\\\/uploads\\\/gaestehaus-herrmann-zimmer-ferienwohnungen-filzmoos-8.jpg\",\"datePublished\":\"2018-09-26T14:25:50+00:00\",\"dateModified\":\"2024-04-08T08:12:30+00:00\",\"breadcrumb\":{\"@id\":\"https:\\\/\\\/www.gaestehaus-herrmann.at\\\/en\\\/terms\\\/#breadcrumb\"},\"inLanguage\":\"en-US\",\"potentialAction\":[{\"@type\":\"ReadAction\",\"target\":[\"https:\\\/\\\/www.gaestehaus-herrmann.at\\\/en\\\/terms\\\/\"]}]},{\"@type\":\"ImageObject\",\"inLanguage\":\"en-US\",\"@id\":\"https:\\\/\\\/www.gaestehaus-herrmann.at\\\/en\\\/terms\\\/#primaryimage\",\"url\":\"https:\\\/\\\/www.gaestehaus-herrmann.at\\\/wp-content\\\/uploads\\\/gaestehaus-herrmann-zimmer-ferienwohnungen-filzmoos-8.jpg\",\"contentUrl\":\"https:\\\/\\\/www.gaestehaus-herrmann.at\\\/wp-content\\\/uploads\\\/gaestehaus-herrmann-zimmer-ferienwohnungen-filzmoos-8.jpg\",\"width\":1920,\"height\":539,\"caption\":\"G\u00e4stehaus Herrmann - Zimmer & Ferienwohnungen in Filzmoos\"},{\"@type\":\"BreadcrumbList\",\"@id\":\"https:\\\/\\\/www.gaestehaus-herrmann.at\\\/en\\\/terms\\\/#breadcrumb\",\"itemListElement\":[{\"@type\":\"ListItem\",\"position\":1,\"name\":\"Startseite\",\"item\":\"https:\\\/\\\/www.gaestehaus-herrmann.at\\\/en\\\/\"},{\"@type\":\"ListItem\",\"position\":2,\"name\":\"Terms\"}]},{\"@type\":\"WebSite\",\"@id\":\"https:\\\/\\\/www.gaestehaus-herrmann.at\\\/#website\",\"url\":\"https:\\\/\\\/www.gaestehaus-herrmann.at\\\/\",\"name\":\"G\u00e4stehaus Herrmann\",\"description\":\"Ferienwohnungen und Zimmer in Filzmoos\",\"potentialAction\":[{\"@type\":\"SearchAction\",\"target\":{\"@type\":\"EntryPoint\",\"urlTemplate\":\"https:\\\/\\\/www.gaestehaus-herrmann.at\\\/?s={search_term_string}\"},\"query-input\":{\"@type\":\"PropertyValueSpecification\",\"valueRequired\":true,\"valueName\":\"search_term_string\"}}],\"inLanguage\":\"en-US\"}]}<\/script>\n<!-- \/ Yoast SEO plugin. -->","yoast_head_json":{"title":"Terms - G\u00e4stehaus Herrmann","robots":{"index":"index","follow":"follow","max-snippet":"max-snippet:-1","max-image-preview":"max-image-preview:large","max-video-preview":"max-video-preview:-1"},"canonical":"https:\/\/www.gaestehaus-herrmann.at\/en\/terms\/","twitter_misc":{"Est. reading time":"4 minutes"},"schema":{"@context":"https:\/\/schema.org","@graph":[{"@type":"WebPage","@id":"https:\/\/www.gaestehaus-herrmann.at\/en\/terms\/","url":"https:\/\/www.gaestehaus-herrmann.at\/en\/terms\/","name":"Terms - G\u00e4stehaus Herrmann","isPartOf":{"@id":"https:\/\/www.gaestehaus-herrmann.at\/#website"},"primaryImageOfPage":{"@id":"https:\/\/www.gaestehaus-herrmann.at\/en\/terms\/#primaryimage"},"image":{"@id":"https:\/\/www.gaestehaus-herrmann.at\/en\/terms\/#primaryimage"},"thumbnailUrl":"https:\/\/www.gaestehaus-herrmann.at\/wp-content\/uploads\/gaestehaus-herrmann-zimmer-ferienwohnungen-filzmoos-8.jpg","datePublished":"2018-09-26T14:25:50+00:00","dateModified":"2024-04-08T08:12:30+00:00","breadcrumb":{"@id":"https:\/\/www.gaestehaus-herrmann.at\/en\/terms\/#breadcrumb"},"inLanguage":"en-US","potentialAction":[{"@type":"ReadAction","target":["https:\/\/www.gaestehaus-herrmann.at\/en\/terms\/"]}]},{"@type":"ImageObject","inLanguage":"en-US","@id":"https:\/\/www.gaestehaus-herrmann.at\/en\/terms\/#primaryimage","url":"https:\/\/www.gaestehaus-herrmann.at\/wp-content\/uploads\/gaestehaus-herrmann-zimmer-ferienwohnungen-filzmoos-8.jpg","contentUrl":"https:\/\/www.gaestehaus-herrmann.at\/wp-content\/uploads\/gaestehaus-herrmann-zimmer-ferienwohnungen-filzmoos-8.jpg","width":1920,"height":539,"caption":"G\u00e4stehaus Herrmann - Zimmer & Ferienwohnungen in Filzmoos"},{"@type":"BreadcrumbList","@id":"https:\/\/www.gaestehaus-herrmann.at\/en\/terms\/#breadcrumb","itemListElement":[{"@type":"ListItem","position":1,"name":"Startseite","item":"https:\/\/www.gaestehaus-herrmann.at\/en\/"},{"@type":"ListItem","position":2,"name":"Terms"}]},{"@type":"WebSite","@id":"https:\/\/www.gaestehaus-herrmann.at\/#website","url":"https:\/\/www.gaestehaus-herrmann.at\/","name":"G\u00e4stehaus Herrmann","description":"Ferienwohnungen und Zimmer in Filzmoos","potentialAction":[{"@type":"SearchAction","target":{"@type":"EntryPoint","urlTemplate":"https:\/\/www.gaestehaus-herrmann.at\/?s={search_term_string}"},"query-input":{"@type":"PropertyValueSpecification","valueRequired":true,"valueName":"search_term_string"}}],"inLanguage":"en-US"}]}},"_links":{"self":[{"href":"https:\/\/www.gaestehaus-herrmann.at\/en\/wp-json\/wp\/v2\/pages\/1763","targetHints":{"allow":["GET"]}}],"collection":[{"href":"https:\/\/www.gaestehaus-herrmann.at\/en\/wp-json\/wp\/v2\/pages"}],"about":[{"href":"https:\/\/www.gaestehaus-herrmann.at\/en\/wp-json\/wp\/v2\/types\/page"}],"author":[{"embeddable":true,"href":"https:\/\/www.gaestehaus-herrmann.at\/en\/wp-json\/wp\/v2\/users\/1"}],"replies":[{"embeddable":true,"href":"https:\/\/www.gaestehaus-herrmann.at\/en\/wp-json\/wp\/v2\/comments?post=1763"}],"version-history":[{"count":0,"href":"https:\/\/www.gaestehaus-herrmann.at\/en\/wp-json\/wp\/v2\/pages\/1763\/revisions"}],"wp:featuredmedia":[{"embeddable":true,"href":"https:\/\/www.gaestehaus-herrmann.at\/en\/wp-json\/wp\/v2\/media\/513"}],"wp:attachment":[{"href":"https:\/\/www.gaestehaus-herrmann.at\/en\/wp-json\/wp\/v2\/media?parent=1763"}],"curies":[{"name":"wp","href":"https:\/\/api.w.org\/{rel}","templated":true}]}}