{"id":1764,"date":"2018-09-26T16:21:34","date_gmt":"2018-09-26T14:21:34","guid":{"rendered":"http:\/\/wordpress.gaestehaus-herrmann.at\/datenschutz\/"},"modified":"2025-10-01T15:53:17","modified_gmt":"2025-10-01T13:53:17","slug":"privacy-policy","status":"publish","type":"page","link":"https:\/\/www.gaestehaus-herrmann.at\/en\/privacy-policy\/","title":{"rendered":"Privacy Policy"},"content":{"rendered":"<div class=\"vce-row-container\" data-vce-boxed-width=\"true\"><div class=\"vce-row vce-row--col-gap-30 vce-row-content--top\" id=\"el-6397bd96\" data-vce-do-apply=\"all el-6397bd96\"><div class=\"vce-row-content\" data-vce-element-content=\"true\"><div class=\"vce-col vce-col--md-100p vce-col--xs-1 vce-col--xs-last vce-col--xs-first vce-col--sm-last vce-col--sm-first vce-col--md-last vce-col--lg-last vce-col--xl-last vce-col--md-first vce-col--lg-first vce-col--xl-first\" id=\"el-52f9ef6f\"><div class=\"vce-col-inner\" data-vce-do-apply=\"border margin background  el-52f9ef6f\"><div class=\"vce-col-content\" data-vce-element-content=\"true\" data-vce-do-apply=\"padding el-52f9ef6f\"><div class=\"vce-text-block\"><div class=\"vce-text-block-wrapper vce\" id=\"el-5c8d3408\" data-vce-do-apply=\"all el-5c8d3408\"><h1 style=\"text-align: center;\">Privacy Policy<\/h1><\/div><\/div><\/div><\/div><\/div><\/div><\/div><\/div><div class=\"vce-row-container\" data-vce-boxed-width=\"true\"><div class=\"vce-row vce-row--col-gap-30 vce-row-content--top\" id=\"el-981a08e3\" data-vce-do-apply=\"all el-981a08e3\"><div class=\"vce-row-content\" data-vce-element-content=\"true\"><div class=\"vce-col vce-col--md-auto vce-col--xs-1 vce-col--xs-last vce-col--xs-first vce-col--sm-last vce-col--sm-first vce-col--md-last vce-col--lg-last vce-col--xl-last vce-col--md-first vce-col--lg-first vce-col--xl-first\" id=\"el-370dc89b\"><div class=\"vce-col-inner\" data-vce-do-apply=\"border margin background  el-370dc89b\"><div class=\"vce-col-content\" data-vce-element-content=\"true\" data-vce-do-apply=\"padding el-370dc89b\"><div class=\"vce-text-block\"><div class=\"vce-text-block-wrapper vce\" id=\"el-12da21ee\" data-vce-do-apply=\"all el-12da21ee\"><p>Verantwortlich f\u00fcr die Verarbeitung Ihrer personenbezogenen Daten auf unserer Website sind Herrmann Markus und Simone - G\u00e4stehaus Herrmann,&nbsp;Sonnleiten 2, A-5532 Filzmoos. Wir nehmen den Schutz Ihrer pers\u00f6nlichen Daten sehr ernst. Wir behandeln Ihre personenbezogenen Daten vertraulich und entsprechend der gesetzlichen Datenschutzvorschriften sowie dieser Datenschutzerkl\u00e4rung. Ihre Daten werden ohne Ihre ausdr\u00fcckliche Zustimmung nicht an andere Empf\u00e4nger weitergegeben.<\/p><p>&nbsp;<\/p><p><strong>\u201eTeilen\u201c-Buttons<\/strong><\/p><p>Unsere Website verf\u00fcgt auf machen Seiten \u00fcber Buttons zum Teilen der Seiteninhalte auf den Social Media-Plattformen Facebook, Twitter, Google Plus, Pinterest. Die Buttons sind im Sinn des Schutzes der personenbezogenen Daten unserer Websitebesucher ideal ausgestaltet, da das hinter den Buttons liegende Skript (Computerprogramm)&nbsp;<strong>keine personenbezogenen Daten<\/strong>&nbsp;erfasst oder verarbeitet. Websitebesucher, die unsere Seite teilen wollen, werden bei Klick auf die Buttons direkt auf die \u201eTeilen\u201c-Seiten der jeweiligen Social Media-Plattformen geleitet. Erst dort werden die zum Teilen der Seiteninhalte notwendigen Skripte geladen. Dabei gelten dann die vom Websitebesucher mit den jeweiligen Social Media-Plattformen vereinbarten Gesch\u00e4fts- und Datenschutzbedingungen. Genaue Informationen dar\u00fcber bieten die jeweiligen Plattformen&nbsp;<a href=\"https:\/\/www.facebook.com\/policy.php\" target=\"_blank\" rel=\"noopener\">Facebook<\/a>,&nbsp;<a href=\"https:\/\/www.google.com\/intl\/de\/policies\/privacy\/\" target=\"_blank\" rel=\"noopener\">Google Plus<\/a>,&nbsp;<a href=\"https:\/\/help.twitter.com\/de\/rules-and-policies\/twitter-rules\" target=\"_blank\" rel=\"noopener\">Twitter<\/a>,&nbsp;<a href=\"https:\/\/policy.pinterest.com\/en\" target=\"_blank\" rel=\"noopener\">Pinterest<\/a>.<\/p><p>&nbsp;<\/p><p><strong>Cookies<\/strong><\/p><p>Diese Website verwendet Cookies. Cookies machen Websites f\u00fcr den Benutzer benutzerfreundlicher und effizienter. Ein Cookie ist eine kleine Textdatei, die zur Speicherung von Informationen dient. Beim Besuch einer Website kann die Website auf dem Computer des Website-Besuchers ein Cookie platzieren. Besucht der Benutzer die Website sp\u00e4ter wieder, kann die Website die Daten des fr\u00fcher gespeicherten Cookies auslesen und so z.B. feststellen, ob der Benutzer die Website schon fr\u00fcher besucht hat und f\u00fcr welche Bereiche der Website sich der Benutzer besonders interessiert hat. Mehr Informationen zu Cookies erhalten Sie auf&nbsp;<a href=\"http:\/\/de.wikipedia.org\/wiki\/HTTP-Cookie\" target=\"_blank\" rel=\"noopener\">WIKIPEDIA<\/a><\/p><p>&nbsp;<\/p><p><strong>\u00c4ndern der Cookie-Einstellungen<\/strong><br>Wie der Web-Browser mit Cookies umgeht, welche Cookies zugelassen oder abgelehnt werden, kann der Benutzer in den Einstellungen des Web-Browsers festlegen. Wo genau sich diese Einstellungen befinden, h\u00e4ngt vom jeweiligen Web-Browser ab. Detailinformationen dazu k\u00f6nnen \u00fcber die Hilfe-Funktion des jeweiligen Web-Browsers aufgerufen werden. Wenn die Nutzung von Cookies eingeschr\u00e4nkt wird, sind unter Umst\u00e4nden nicht mehr alle Funktionen dieser Website vollumf\u00e4nglich nutzbar.<\/p><p>&nbsp;<\/p><p><strong>Cookies auf unserer Website<\/strong><br>Unsere Website verwendet folgende Anbieter:<br>Matomo<br>Borlabs Cookie<br>Google Tag Manager<br>Google Analytics<br>Google Ads<br>Brevo<\/p><p>&nbsp;<\/p><p><strong>Borlabs Cookie<\/strong><\/p><p>Unsere Website verwendet <strong>Borlabs Cookie<\/strong>, ein Consent-Management-Tool der Borlabs GmbH, Hamburger Str. 11, 22083 Hamburg. Mit Borlabs Cookie verwalten wir die Einwilligungen der Website-Besucher in das Setzen von Cookies und den Einsatz von Drittanbieter-Diensten. Wenn Sie unsere Website betreten, wird ein technisch notwendiges Cookie gesetzt, das Ihre Einwilligungspr\u00e4ferenzen speichert. Dieses Cookie enth\u00e4lt keine personenbezogenen Daten. Die Rechtsgrundlage f\u00fcr den Einsatz von Borlabs Cookie ist <strong>Art. 6 Abs. 1 lit. c DSGVO<\/strong> (rechtliche Verpflichtung zur Einholung einer Einwilligung) sowie <strong>Art. 6 Abs. 1 lit. f DSGVO<\/strong> (berechtigtes Interesse an einer rechtskonformen Darstellung unserer Website).<\/p><p>&nbsp;<\/p><p><strong>Google Tag Manager<\/strong><\/p><p>Wir nutzen den <strong>Google Tag Manager<\/strong>, ein Tag-Management-System der Google Ireland Limited, Gordon House, Barrow Street, Dublin 4, Irland. Der Tag Manager selbst setzt <strong>keine Cookies<\/strong> und verarbeitet keine personenbezogenen Daten. Er dient lediglich dazu, andere Tools auf unserer Website zu laden und zu verwalten.<\/p><p>&nbsp;<\/p><p><strong>Google Analytics<\/strong><\/p><p>Unsere Website verwendet <strong>Google Analytics<\/strong>, einen Webanalysedienst der Google Ireland Limited. Google Analytics setzt Cookies, die eine Analyse Ihrer Nutzung unserer Website erm\u00f6glichen. Die durch das Cookie erzeugten Informationen (einschlie\u00dflich IP-Adresse) werden in der Regel an Server von Google in den USA \u00fcbertragen und dort gespeichert. Wir nutzen Google Analytics mit <strong>aktivierter IP-Anonymisierung<\/strong>. Dadurch wird Ihre IP-Adresse innerhalb der EU\/EWR gek\u00fcrzt, bevor sie \u00fcbertragen wird. Rechtsgrundlage ist Ihre Einwilligung nach <strong>Art. 6 Abs. 1 lit. a DSGVO<\/strong>. Die Speicherung erfolgt nur, wenn Sie im <strong>Borlabs-Cookie-Banner<\/strong> zugestimmt haben. Sie k\u00f6nnen Ihre Einwilligung jederzeit widerrufen, indem Sie die Cookie-Einstellungen anpassen. Weitere Informationen: <a href=\"https:\/\/policies.google.com\/privacy\" target=\"_blank\" rel=\"noopener\">Google Datenschutzhinweise<\/a> und <a href=\"https:\/\/tools.google.com\/dlpage\/gaoptout\" target=\"_blank\" rel=\"noopener\">Google Analytics Opt-Out<\/a>.<\/p><p>&nbsp;<\/p><p><strong>Google Ads (Conversion-Tracking &amp; Remarketing)<\/strong><\/p><p>Wir nutzen <strong>Google Ads<\/strong>, ein Online-Werbeprogramm der Google Ireland Limited. Im Rahmen von Google Ads verwenden wir sowohl <strong>Conversion-Tracking<\/strong> als auch <strong>Remarketing-Funktionen<\/strong>:<\/p><ul><li>Conversion-Tracking: Wir k\u00f6nnen nachvollziehen, ob ein Besucher \u00fcber eine Google-Anzeige auf unsere Website gelangt ist.<\/li><li>Remarketing: Nutzer, die unsere Website besucht haben, k\u00f6nnen auf anderen Websites mit gezielter Werbung angesprochen werden.<\/li><\/ul><p>Google setzt hierf\u00fcr Cookies und verarbeitet pseudonyme Nutzungsprofile. Rechtsgrundlage ist Ihre Einwilligung nach <strong>Art. 6 Abs. 1 lit. a DSGVO<\/strong>. Sie k\u00f6nnen die Datenerhebung verhindern, indem Sie im Cookie-Banner widersprechen oder die <a href=\"https:\/\/www.google.com\/settings\/ads\/\" target=\"_blank\" rel=\"noopener\">Google-Werbeeinstellungen<\/a> anpassen.<\/p><p>&nbsp;<\/p><p><strong>Brevo (Newsletter &amp; E-Mail-Marketing)<\/strong><\/p><p>Wenn Sie unseren Newsletter abonnieren, verarbeiten wir Ihre personenbezogenen Daten (z. B. E-Mail-Adresse, ggf. Name), um Ihnen regelm\u00e4\u00dfig Informationen zu Veranstaltungen, Angeboten und Neuigkeiten vom G\u00e4stehaus Herrmann zuzusenden. Wir nutzen f\u00fcr den Versand von Newslettern und E-Mail-Kampagnen den Dienst <strong>Brevo<\/strong> (ehemals Sendinblue), betrieben von der Sendinblue GmbH, K\u00f6penicker Str. 126, 10179 Berlin. Die von Ihnen zum Zweck des Newsletter-Abonnements eingegebenen Daten (z. B. E-Mail-Adresse, Name) werden auf den Servern von Brevo in Deutschland gespeichert. Mit Brevo haben wir einen <strong>Auftragsverarbeitungsvertrag<\/strong> gem\u00e4\u00df Art. 28 DSGVO abgeschlossen. Brevo verwendet statistische Auswertungsinstrumente (z. B. \u00d6ffnungs- und Klickraten), um unsere Newsletter zu optimieren. Diese Auswertungen dienen ausschlie\u00dflich der Verbesserung unserer Kommunikation und erfolgen pseudonymisiert. Rechtsgrundlage f\u00fcr den Versand ist Ihre Einwilligung gem\u00e4\u00df <strong>Art. 6 Abs. 1 lit. a DSGVO<\/strong>. Sie k\u00f6nnen Ihre Einwilligung jederzeit widerrufen, etwa \u00fcber den Abmeldelink im Newsletter. Weitere Informationen: <a href=\"https:\/\/www.brevo.com\/de\/legal\/privacypolicy\/\" target=\"_blank\" rel=\"noopener\">Brevo Datenschutz<\/a>.<\/p><p>&nbsp;<\/p><p><strong>Ihre Rechte<\/strong><\/p><p>Sie haben das Recht auf Auskunft, Berichtigung, L\u00f6schung und Einschr\u00e4nkung der Verarbeitung der personenbezogenen Daten sowie das Recht auf Daten\u00fcbertragbarkeit. Sie haben das Recht auf Widerruf eventuell erteilter Einwilligungen zur Verarbeitung Ihrer personenbezogenen Daten. Die Rechtm\u00e4\u00dfigkeit der Verarbeitung der personenbezogenen Daten bis zum Widerruf wird durch den Widerruf nicht ber\u00fchrt. Sie haben das Recht auf Widerspruch gegen die Verarbeitung Ihrer personenbezogenen Daten zum Zweck der Direktwerbung. Im Fall des Widerspruchs werden Ihre personenbezogenen Daten nicht mehr zum Zwecke der Direktwerbung verarbeitet. Weiters haben Sie das Recht auf Beschwerde bei der Aufsichtsbeh\u00f6rde (\u00d6sterreichische Datenschutzbeh\u00f6rde, Wickenburggasse 8, 1080 Wien, <a href=\"mailto:dsb@dsb.gv.at\">dsb@dsb.gv.at<\/a>).<\/p><\/div><\/div><\/div><\/div><\/div><\/div><\/div><\/div>\n","protected":false},"excerpt":{"rendered":"<p>Privacy PolicyVerantwortlich f\u00fcr die Verarbeitung Ihrer personenbezogenen Daten auf unserer Website sind Herrmann Markus und Simone &#8211; G\u00e4stehaus Herrmann,&nbsp;Sonnleiten 2, A-5532 Filzmoos. Wir nehmen den Schutz Ihrer pers\u00f6nlichen Daten sehr ernst. Wir behandeln Ihre personenbezogenen Daten vertraulich und entsprechend der gesetzlichen Datenschutzvorschriften sowie dieser Datenschutzerkl\u00e4rung. Ihre Daten werden ohne Ihre ausdr\u00fcckliche Zustimmung nicht an andere [&hellip;]<\/p>\n","protected":false},"author":1,"featured_media":309,"parent":0,"menu_order":0,"comment_status":"closed","ping_status":"closed","template":"","meta":{"_acf_changed":false,"footnotes":""},"class_list":["post-1764","page","type-page","status-publish","has-post-thumbnail","hentry"],"acf":[],"yoast_head":"<!-- This site is optimized with the Yoast SEO plugin v27.6 - https:\/\/yoast.com\/product\/yoast-seo-wordpress\/ -->\n<title>Privacy Policy - G\u00e4stehaus Herrmann<\/title>\n<meta name=\"robots\" content=\"index, follow, max-snippet:-1, max-image-preview:large, max-video-preview:-1\" \/>\n<link rel=\"canonical\" href=\"https:\/\/www.gaestehaus-herrmann.at\/en\/privacy-policy\/\" \/>\n<meta name=\"twitter:label1\" content=\"Est. reading time\" \/>\n\t<meta name=\"twitter:data1\" content=\"5 minutes\" \/>\n<script type=\"application\/ld+json\" class=\"yoast-schema-graph\">{\"@context\":\"https:\\\/\\\/schema.org\",\"@graph\":[{\"@type\":\"WebPage\",\"@id\":\"https:\\\/\\\/www.gaestehaus-herrmann.at\\\/en\\\/privacy-policy\\\/\",\"url\":\"https:\\\/\\\/www.gaestehaus-herrmann.at\\\/en\\\/privacy-policy\\\/\",\"name\":\"Privacy Policy - G\u00e4stehaus Herrmann\",\"isPartOf\":{\"@id\":\"https:\\\/\\\/www.gaestehaus-herrmann.at\\\/#website\"},\"primaryImageOfPage\":{\"@id\":\"https:\\\/\\\/www.gaestehaus-herrmann.at\\\/en\\\/privacy-policy\\\/#primaryimage\"},\"image\":{\"@id\":\"https:\\\/\\\/www.gaestehaus-herrmann.at\\\/en\\\/privacy-policy\\\/#primaryimage\"},\"thumbnailUrl\":\"https:\\\/\\\/www.gaestehaus-herrmann.at\\\/wp-content\\\/uploads\\\/gaestehaus-herrmann-zimmer-ferienwohnungen-filzmoos-1.jpg\",\"datePublished\":\"2018-09-26T14:21:34+00:00\",\"dateModified\":\"2025-10-01T13:53:17+00:00\",\"breadcrumb\":{\"@id\":\"https:\\\/\\\/www.gaestehaus-herrmann.at\\\/en\\\/privacy-policy\\\/#breadcrumb\"},\"inLanguage\":\"en-US\",\"potentialAction\":[{\"@type\":\"ReadAction\",\"target\":[\"https:\\\/\\\/www.gaestehaus-herrmann.at\\\/en\\\/privacy-policy\\\/\"]}]},{\"@type\":\"ImageObject\",\"inLanguage\":\"en-US\",\"@id\":\"https:\\\/\\\/www.gaestehaus-herrmann.at\\\/en\\\/privacy-policy\\\/#primaryimage\",\"url\":\"https:\\\/\\\/www.gaestehaus-herrmann.at\\\/wp-content\\\/uploads\\\/gaestehaus-herrmann-zimmer-ferienwohnungen-filzmoos-1.jpg\",\"contentUrl\":\"https:\\\/\\\/www.gaestehaus-herrmann.at\\\/wp-content\\\/uploads\\\/gaestehaus-herrmann-zimmer-ferienwohnungen-filzmoos-1.jpg\",\"width\":1920,\"height\":539,\"caption\":\"G\u00e4stehaus Herrmann - Zimmer & Ferienwohnungen in Filzmoos\"},{\"@type\":\"BreadcrumbList\",\"@id\":\"https:\\\/\\\/www.gaestehaus-herrmann.at\\\/en\\\/privacy-policy\\\/#breadcrumb\",\"itemListElement\":[{\"@type\":\"ListItem\",\"position\":1,\"name\":\"Startseite\",\"item\":\"https:\\\/\\\/www.gaestehaus-herrmann.at\\\/en\\\/\"},{\"@type\":\"ListItem\",\"position\":2,\"name\":\"Privacy Policy\"}]},{\"@type\":\"WebSite\",\"@id\":\"https:\\\/\\\/www.gaestehaus-herrmann.at\\\/#website\",\"url\":\"https:\\\/\\\/www.gaestehaus-herrmann.at\\\/\",\"name\":\"G\u00e4stehaus Herrmann\",\"description\":\"Ferienwohnungen und Zimmer in Filzmoos\",\"potentialAction\":[{\"@type\":\"SearchAction\",\"target\":{\"@type\":\"EntryPoint\",\"urlTemplate\":\"https:\\\/\\\/www.gaestehaus-herrmann.at\\\/?s={search_term_string}\"},\"query-input\":{\"@type\":\"PropertyValueSpecification\",\"valueRequired\":true,\"valueName\":\"search_term_string\"}}],\"inLanguage\":\"en-US\"}]}<\/script>\n<!-- \/ Yoast SEO plugin. -->","yoast_head_json":{"title":"Privacy Policy - G\u00e4stehaus Herrmann","robots":{"index":"index","follow":"follow","max-snippet":"max-snippet:-1","max-image-preview":"max-image-preview:large","max-video-preview":"max-video-preview:-1"},"canonical":"https:\/\/www.gaestehaus-herrmann.at\/en\/privacy-policy\/","twitter_misc":{"Est. reading time":"5 minutes"},"schema":{"@context":"https:\/\/schema.org","@graph":[{"@type":"WebPage","@id":"https:\/\/www.gaestehaus-herrmann.at\/en\/privacy-policy\/","url":"https:\/\/www.gaestehaus-herrmann.at\/en\/privacy-policy\/","name":"Privacy Policy - G\u00e4stehaus Herrmann","isPartOf":{"@id":"https:\/\/www.gaestehaus-herrmann.at\/#website"},"primaryImageOfPage":{"@id":"https:\/\/www.gaestehaus-herrmann.at\/en\/privacy-policy\/#primaryimage"},"image":{"@id":"https:\/\/www.gaestehaus-herrmann.at\/en\/privacy-policy\/#primaryimage"},"thumbnailUrl":"https:\/\/www.gaestehaus-herrmann.at\/wp-content\/uploads\/gaestehaus-herrmann-zimmer-ferienwohnungen-filzmoos-1.jpg","datePublished":"2018-09-26T14:21:34+00:00","dateModified":"2025-10-01T13:53:17+00:00","breadcrumb":{"@id":"https:\/\/www.gaestehaus-herrmann.at\/en\/privacy-policy\/#breadcrumb"},"inLanguage":"en-US","potentialAction":[{"@type":"ReadAction","target":["https:\/\/www.gaestehaus-herrmann.at\/en\/privacy-policy\/"]}]},{"@type":"ImageObject","inLanguage":"en-US","@id":"https:\/\/www.gaestehaus-herrmann.at\/en\/privacy-policy\/#primaryimage","url":"https:\/\/www.gaestehaus-herrmann.at\/wp-content\/uploads\/gaestehaus-herrmann-zimmer-ferienwohnungen-filzmoos-1.jpg","contentUrl":"https:\/\/www.gaestehaus-herrmann.at\/wp-content\/uploads\/gaestehaus-herrmann-zimmer-ferienwohnungen-filzmoos-1.jpg","width":1920,"height":539,"caption":"G\u00e4stehaus Herrmann - Zimmer & Ferienwohnungen in Filzmoos"},{"@type":"BreadcrumbList","@id":"https:\/\/www.gaestehaus-herrmann.at\/en\/privacy-policy\/#breadcrumb","itemListElement":[{"@type":"ListItem","position":1,"name":"Startseite","item":"https:\/\/www.gaestehaus-herrmann.at\/en\/"},{"@type":"ListItem","position":2,"name":"Privacy Policy"}]},{"@type":"WebSite","@id":"https:\/\/www.gaestehaus-herrmann.at\/#website","url":"https:\/\/www.gaestehaus-herrmann.at\/","name":"G\u00e4stehaus Herrmann","description":"Ferienwohnungen und Zimmer in Filzmoos","potentialAction":[{"@type":"SearchAction","target":{"@type":"EntryPoint","urlTemplate":"https:\/\/www.gaestehaus-herrmann.at\/?s={search_term_string}"},"query-input":{"@type":"PropertyValueSpecification","valueRequired":true,"valueName":"search_term_string"}}],"inLanguage":"en-US"}]}},"_links":{"self":[{"href":"https:\/\/www.gaestehaus-herrmann.at\/en\/wp-json\/wp\/v2\/pages\/1764","targetHints":{"allow":["GET"]}}],"collection":[{"href":"https:\/\/www.gaestehaus-herrmann.at\/en\/wp-json\/wp\/v2\/pages"}],"about":[{"href":"https:\/\/www.gaestehaus-herrmann.at\/en\/wp-json\/wp\/v2\/types\/page"}],"author":[{"embeddable":true,"href":"https:\/\/www.gaestehaus-herrmann.at\/en\/wp-json\/wp\/v2\/users\/1"}],"replies":[{"embeddable":true,"href":"https:\/\/www.gaestehaus-herrmann.at\/en\/wp-json\/wp\/v2\/comments?post=1764"}],"version-history":[{"count":0,"href":"https:\/\/www.gaestehaus-herrmann.at\/en\/wp-json\/wp\/v2\/pages\/1764\/revisions"}],"wp:featuredmedia":[{"embeddable":true,"href":"https:\/\/www.gaestehaus-herrmann.at\/en\/wp-json\/wp\/v2\/media\/309"}],"wp:attachment":[{"href":"https:\/\/www.gaestehaus-herrmann.at\/en\/wp-json\/wp\/v2\/media?parent=1764"}],"curies":[{"name":"wp","href":"https:\/\/api.w.org\/{rel}","templated":true}]}}